{"id":20,"date":"2023-10-08T09:51:49","date_gmt":"2023-10-08T09:51:49","guid":{"rendered":"http:\/\/pluriko.pl\/?page_id=20"},"modified":"2023-11-11T15:08:13","modified_gmt":"2023-11-11T15:08:13","slug":"pluriko","status":"publish","type":"page","link":"https:\/\/pluriko.pl\/index.php\/pluriko\/","title":{"rendered":"Pluriko"},"content":{"rendered":"\n<p class=\"has-black-color has-text-color has-link-color wp-elements-afb0decfd026f54ac7afe473a7818987\"><strong>Kontakt:<\/strong><br>Fundacja \u201eO\u015brodek Plurlingwizmu i Komunikacji Mi\u0119dzykulturowej \u2013 PLURIKO\u201d<br>ul. Sp\u00f3\u0142dzielcza 43 B<br>PL 05-504 \u0141o\u015b<br>e-mail: info@www.pluriko.net<br>tel. + 48 607-328418<\/p>\n\n\n\n<p class=\"has-black-color has-text-color has-link-color wp-elements-9bdfeed7faf3bb58173ba3611e5389f8\">KRS:\u00a00000980779<br>NIP: 9512545463<br>REGON: 52258576900000<\/p>\n\n\n\n<p class=\"has-black-color has-text-color has-link-color wp-elements-ae0334d0a6c8f4a76b702aa8193194dc\"><strong>Konto bankowe:<\/strong><br>PLN: PL21 1140 2004 0000 3602 8271 2205<br>EUR: PL05 1140 2004 0000 3012 1685 5185<br>BIC\/SWIFT: BREXPLPWMBK<\/p>\n\n\n\n<p class=\"has-black-color has-text-color has-link-color wp-elements-a2f36c87f57d072fb706c85f4662aaca\"><strong>Zarz\u0105d Fundacji:<\/strong><br>Jerzy Leyk &#8211; Dyrektor Zarz\u0105du<br>e-mail: jerzy.leyk@op.pl<\/p>\n\n\n\n<p class=\"has-black-color has-text-color has-link-color wp-elements-5f28b3e1033069e09aa02d8549bb1fda\">Ryszard Rokicki &#8211; Zast\u0119pca Dyrektora Zarz\u0105du<br>e-mail: ryszard.rokicki@gmail.com<\/p>\n\n\n\n<p class=\"has-black-color has-text-color has-link-color wp-elements-432305bb1a2b689176dec597730b46a4\"><strong>Rada Naukowa Fundacji:<\/strong><br>dr hab. Ilona Koutny, prof. UAM w Poznaniu &#8211; Przewodnicz\u0105ca<br>dr hab. Przemys\u0142aw Grzybowski, prof. UKW w Bydgoszczy<br>dr Katalin Kov\u00e1ts, Redaktor naczelna portalu <a>edukado.net<\/a><\/p>\n","protected":false},"excerpt":{"rendered":"<p>Kontakt:Fundacja \u201eO\u015brodek Plurlingwizmu i Komunikacji Mi\u0119dzykulturowej \u2013 PLURIKO\u201dul. Sp\u00f3\u0142dzielcza 43 BPL 05-504 \u0141o\u015be-mail: info@www.pluriko.nettel. + 48 607-328418 KRS:\u00a00000980779NIP: 9512545463REGON: 52258576900000 Konto bankowe:PLN: PL21 1140 2004 0000 3602 8271 2205EUR: PL05 1140 2004 0000 3012 1685 5185BIC\/SWIFT: BREXPLPWMBK Zarz\u0105d Fundacji:Jerzy Leyk &#8211; Dyrektor Zarz\u0105due-mail: jerzy.leyk@op.pl Ryszard Rokicki &#8211; Zast\u0119pca Dyrektora Zarz\u0105due-mail: ryszard.rokicki@gmail.com Rada Naukowa Fundacji:dr hab. [&hellip;]<\/p>\n","protected":false},"author":1,"featured_media":0,"parent":0,"menu_order":0,"comment_status":"closed","ping_status":"closed","template":"","meta":{"footnotes":""},"class_list":["post-20","page","type-page","status-publish","hentry"],"_links":{"self":[{"href":"https:\/\/pluriko.pl\/index.php\/wp-json\/wp\/v2\/pages\/20","targetHints":{"allow":["GET"]}}],"collection":[{"href":"https:\/\/pluriko.pl\/index.php\/wp-json\/wp\/v2\/pages"}],"about":[{"href":"https:\/\/pluriko.pl\/index.php\/wp-json\/wp\/v2\/types\/page"}],"author":[{"embeddable":true,"href":"https:\/\/pluriko.pl\/index.php\/wp-json\/wp\/v2\/users\/1"}],"replies":[{"embeddable":true,"href":"https:\/\/pluriko.pl\/index.php\/wp-json\/wp\/v2\/comments?post=20"}],"version-history":[{"count":2,"href":"https:\/\/pluriko.pl\/index.php\/wp-json\/wp\/v2\/pages\/20\/revisions"}],"predecessor-version":[{"id":337,"href":"https:\/\/pluriko.pl\/index.php\/wp-json\/wp\/v2\/pages\/20\/revisions\/337"}],"wp:attachment":[{"href":"https:\/\/pluriko.pl\/index.php\/wp-json\/wp\/v2\/media?parent=20"}],"curies":[{"name":"wp","href":"https:\/\/api.w.org\/{rel}","templated":true}]}}