{"id":28,"date":"2023-10-08T09:52:07","date_gmt":"2023-10-08T09:52:07","guid":{"rendered":"http:\/\/pluriko.pl\/?page_id=28"},"modified":"2023-12-25T19:25:03","modified_gmt":"2023-12-25T19:25:03","slug":"studia-interlingwistyczne","status":"publish","type":"page","link":"https:\/\/pluriko.pl\/index.php\/studia-interlingwistyczne\/","title":{"rendered":"Studia interlingwistyczne"},"content":{"rendered":"\n<h2 class=\"wp-block-heading has-black-color has-text-color has-link-color wp-elements-9c133ee4b95e9e798f676d9b644b0fb6\"><\/h2>\n\n\n\n<p class=\"has-black-color has-text-color has-link-color wp-elements-c470909ee3cdc10d00399c9c7b745787\">Eksternistyczne Podyplomowe Studia Interlingwistyki powsta\u0142y przy Instytucie J\u0119zykoznawstwa zarz\u0105dzeniem JM Rektora UAM (Nr 48\/96\/97) w 1997 r. Inicjatorem i Kierownikiem Studi\u00f3w jest prof. UAM dr hab. Ilona Koutny. Studia s\u0105 pierwsz\u0105 &#8211; i jak dot\u0105d jedyn\u0105 &#8211; tego rodzaju inicjatyw\u0105 w Polsce oraz jedn\u0105 z kilku na \u015bwiecie. Pierwsi studenci rozpocz\u0119li studia w roku akademickim 1998\/99. Si\u00f3dma edycja studi\u00f3w zako\u0144czy\u0142a si\u0119 we wrze\u015bniu 2020 r. w Instytucie Etnolingwistyki.<\/p>\n\n\n\n<p class=\"has-black-color has-text-color has-link-color wp-elements-7c0a4359eb0800cb6141b8d7e9872ec7\">Studia maj\u0105 mi\u0119dzynarodowy charakter. W ka\u017cdym semestrze zapraszani s\u0105 wyk\u0142adowcy zagraniczni, wybitni specjali\u015bci w swoich dziedzinach, kt\u00f3rzy prowadz\u0105 kursy podczas tygodniowej sesji, np. prof. John Wells (GB) &#8211; uznany \u015bwiatowy autorytet w dziedzinie fonetyki, prof. V\u011bra Barandowsk\u00e1-Frank (DE), prof. Mi\u0119dzynarodowej Akademii Nauk AIS (wyk\u0142ady z interlingwistyki), prof. Humphrey Tonkin (USA), by\u0142y rektor uniwersytetu Hartford &#8211; uznany specjalista w zakresie j\u0119zykowych problem\u00f3w komunikacji mi\u0119dzynarodowej oraz angielskiej literatury epoki Shakespeare&#8217;a.<\/p>\n\n\n\n<p class=\"has-black-color has-text-color has-link-color wp-elements-3e4bab5001b81104a94b44d06941006a\">Studia przeznaczone s\u0105 zar\u00f3wno dla student\u00f3w krajowych, jak i zagranicznych. J\u0119zykiem wyk\u0142adowym jest esperanto. Opr\u00f3cz student\u00f3w z Polski s\u0142uchaczami Studi\u00f3w byli studenci z Belgii, Brazylii, Chin, Chorwacji, Czech, Danii, Francji, Hiszpanii, Holandii, Iranu, Kazachstanu, Korei, Meksyku, Niemiec, Rosji, S\u0142owacji, Szwajcarii, Szwecji, Turcji, USA, W\u0119gier, Wielkiej Brytanii, W\u0142och i in.<\/p>\n\n\n\n<p class=\"has-black-color has-text-color has-link-color wp-elements-714f78f8efe8d7fe415ff0742d9f1db0\">Trzyletnie studia interlingwistyczne obejmuj\u0105 zaj\u0119cia z zakresu og\u00f3lnej i stosowanej lingwistyki (morfologia, sk\u0142adnia, semantyka, pragmalingwistyka) oraz studia nad j\u0119zykami mi\u0119dzynarodowymi &#8211; zar\u00f3wno tymi, kt\u00f3re jako j\u0119zyki narodowe historycznie pe\u0142ni\u0142y lub pe\u0142ni\u0105 t\u0119 rol\u0119 (od j\u0119zyka aramejskiego poprzez \u0142acin\u0119 do j\u0119zyka angielskiego), jak i tymi, kt\u00f3re w tym celu zosta\u0142y zaprojektowane (od j\u0119zyk\u00f3w filozoficznych \u015bredniowiecza poprzez esperanto do najbardziej wsp\u00f3\u0142czesnych propozycji w internecie).<\/p>\n\n\n\n<p class=\"has-black-color has-text-color has-link-color wp-elements-ab5f350a4b293bc79c1fe6cef0db9a2a\">Studia skupiaj\u0105 si\u0119 na j\u0119zyku esperanto (zainicjowanym przed 134 laty przez L. Zamenhofa z Bia\u0142egostoku) jako obecnie jedynym j\u0119zyku planowym, upowszechnionym na \u015bwiecie, zajmuj\u0105 si\u0119 jego lingwistyczn\u0105 analiz\u0105, literatur\u0105 i histori\u0105. Wa\u017cnym elementem studi\u00f3w jest komunikacja mi\u0119dzykulturowa.<\/p>\n\n\n\n<p class=\"has-black-color has-text-color has-link-color wp-elements-2efe8230c608f1de3c6ccbf8f824d4b7\">Celem Studi\u00f3w jest r\u00f3wnie\u017c kszta\u0142cenie nauczycieli j\u0119zyka esperanto w ramach specjalizacji: dydaktyka esperanta.<\/p>\n\n\n\n<p class=\"has-black-color has-text-color has-link-color wp-elements-5d1aec9855acc4896b3a083894423869\">W tym roku odbywa si\u0119 nab\u00f3r do nast\u0119pnej (\u00f3smej) edycji Studi\u00f3w Interlingwistyki 2021-24.<\/p>\n\n\n\n<p class=\"has-black-color has-text-color has-link-color wp-elements-4b2a422bd3f0b005273fe5d94449db42\"><strong>Zapisy<\/strong>&nbsp;uczestnik\u00f3w z ca\u0142ego \u015bwiata trwaj\u0105 do 1 sierpnia 2021 r. Pierwsza sesja odb\u0119dzie si\u0119 w dniach 21-25 wrze\u015bnia 2021 r. w trybie stacjonarnym. Nast\u0119pne kr\u00f3tkie sesje weekendowe online odb\u0119d\u0105 si\u0119 pod koniec pa\u017adziernika i na pocz\u0105tku grudnia.<\/p>\n\n\n\n<p class=\"has-black-color has-text-color has-link-color wp-elements-8b6c07e692557d83d662786419ee460e\"><strong>Wymagania:<\/strong>&nbsp;dyplom uko\u0144czenia studi\u00f3w wy\u017cszych (min. licencjat) i dobra znajomo\u015b\u0107 j\u0119zyka esperanto (min. poziom B2). Kandydaci musz\u0105 rozwi\u0105za\u0107 orientacyjny test sprawdzaj\u0105cy poziom znajomo\u015bci j\u0119zyka.<\/p>\n\n\n\n<p class=\"has-black-color has-text-color has-link-color wp-elements-d69973d7912466e2cab0e92179d8c29c\"><strong>Op\u0142ata semestralna:<\/strong>&nbsp;1 800 z\u0142 (ok. 400 euro). W uzasadnionych przypadkach mo\u017cna ubiega\u0107 si\u0119 o zni\u017ck\u0119. Przewidzianych jest kilka stypendi\u00f3w&nbsp;<a>ESF (Esperantic Studies Foundation)<\/a>.<\/p>\n\n\n\n<p class=\"has-black-color has-text-color has-link-color wp-elements-05cf44a9eda35218894da812a989d17d\"><strong>Dalsze informacje i zg\u0142oszenia:<\/strong><br><a>http:\/\/interl.amu.edu.pl<\/a><br><a>interlin@amu.edu.pl<\/a><\/p>\n\n\n\n<p class=\"has-black-color has-text-color has-link-color wp-elements-3706296077dc24f5e92e3f1c542b6c60\">prof. UAM dr hab. Ilona Koutny<\/p>\n\n\n\n<p class=\"has-black-color has-text-color has-link-color wp-elements-31ffbe05df5ffca838cdabaed5403bca\">Kierownik Studi\u00f3w Interlingwistyki<br><a>ikoutny@amu.edu.pl<\/a><\/p>\n\n\n\n<p class=\"has-black-color has-text-color has-link-color wp-elements-c3d5de0ad359409a5a083797de59f81a\">Uniwersytet im. Adama Mickiewicza<br>Instytut Etnolingwistyki<br>al. Niepodleg\u0142o\u015bci 4<br>61-874 Pozna\u0144<br>Sekretariat: 61-829-36-63, 61-829-36-64<\/p>\n","protected":false},"excerpt":{"rendered":"<p>Eksternistyczne Podyplomowe Studia Interlingwistyki powsta\u0142y przy Instytucie J\u0119zykoznawstwa zarz\u0105dzeniem JM Rektora UAM (Nr 48\/96\/97) w 1997 r. Inicjatorem i Kierownikiem Studi\u00f3w jest prof. UAM dr hab. Ilona Koutny. Studia s\u0105 pierwsz\u0105 &#8211; i jak dot\u0105d jedyn\u0105 &#8211; tego rodzaju inicjatyw\u0105 w Polsce oraz jedn\u0105 z kilku na \u015bwiecie. Pierwsi studenci rozpocz\u0119li studia w roku akademickim [&hellip;]<\/p>\n","protected":false},"author":1,"featured_media":0,"parent":0,"menu_order":0,"comment_status":"closed","ping_status":"closed","template":"","meta":{"footnotes":""},"class_list":["post-28","page","type-page","status-publish","hentry"],"_links":{"self":[{"href":"https:\/\/pluriko.pl\/index.php\/wp-json\/wp\/v2\/pages\/28","targetHints":{"allow":["GET"]}}],"collection":[{"href":"https:\/\/pluriko.pl\/index.php\/wp-json\/wp\/v2\/pages"}],"about":[{"href":"https:\/\/pluriko.pl\/index.php\/wp-json\/wp\/v2\/types\/page"}],"author":[{"embeddable":true,"href":"https:\/\/pluriko.pl\/index.php\/wp-json\/wp\/v2\/users\/1"}],"replies":[{"embeddable":true,"href":"https:\/\/pluriko.pl\/index.php\/wp-json\/wp\/v2\/comments?post=28"}],"version-history":[{"count":4,"href":"https:\/\/pluriko.pl\/index.php\/wp-json\/wp\/v2\/pages\/28\/revisions"}],"predecessor-version":[{"id":454,"href":"https:\/\/pluriko.pl\/index.php\/wp-json\/wp\/v2\/pages\/28\/revisions\/454"}],"wp:attachment":[{"href":"https:\/\/pluriko.pl\/index.php\/wp-json\/wp\/v2\/media?parent=28"}],"curies":[{"name":"wp","href":"https:\/\/api.w.org\/{rel}","templated":true}]}}