{"id":34,"date":"2023-10-08T09:52:18","date_gmt":"2023-10-08T09:52:18","guid":{"rendered":"http:\/\/pluriko.pl\/?page_id=34"},"modified":"2025-11-15T20:32:53","modified_gmt":"2025-11-15T20:32:53","slug":"wsparcie","status":"publish","type":"page","link":"https:\/\/pluriko.pl\/index.php\/wsparcie\/","title":{"rendered":"Wsparcie"},"content":{"rendered":"\n<p class=\"has-black-color has-text-color has-link-color wp-elements-885979413e978f416c0fdd58dcd1d82b\">\u200bFundacja PLURIKO nie prowadzi dzia\u0142alno\u015bci gospodarczej. \u0179r\u00f3d\u0142em przychod\u00f3w jest wsparcie finansowe od darczy\u0144c\u00f3w i ewentualne dotacje na konkretne przedsi\u0119wzi\u0119cia.<\/p>\n\n\n\n<p class=\"has-black-color has-text-color has-link-color wp-elements-45ab34bca9336660e9af33063583e729\">Realizacja cel\u00f3w fundacji i prowadzonych projekt\u00f3w zale\u017cy wi\u0119c od hojno\u015bci i liczno\u015bci darczy\u0144c\u00f3w oraz wk\u0142adu pracy wolontariuszy.<br>Otrzymywane \u015brodki przeznaczane s\u0105 m.in. na wynagrodzenia specjalist\u00f3w realizuj\u0105cych poszczeg\u00f3lne projekty, dofinansowania uczestnictwa w projektach, koszty licencji i subskrypcji niezb\u0119dnych do prowadzenia strony internetowej oraz koszty administracyjne.<\/p>\n\n\n\n<p class=\"has-black-color has-text-color has-link-color wp-elements-c1ad6915ad3048285321e3e5c53eda00\"><span style=\"text-decoration: underline;\">Darowizna przelewem bankowym<\/span><\/p>\n\n\n\n<p class=\"has-black-color has-text-color has-link-color wp-elements-bae7c8177584e716828e8981b73c7ed3\">Darowizn\u0119 w dowolnej kwocie mo\u017cna przekazywa\u0107 przelewem bezpo\u015brednio na konto Fundacji:<\/p>\n\n\n\n<p class=\"has-black-color has-text-color has-link-color wp-elements-53769ad45c3defedd31b1a296b65496a\">PLN: PL21 1140 2004 0000 3602 8271 2205<br>EUR: PL05 1140 2004 0000 3012 1685 5185<br>BIC\/SWIFT: BREXPLPWMBK<\/p>\n\n\n\n<p class=\"has-black-color has-text-color has-link-color wp-elements-2bfc94868ce43c3e7c418e059a382128\">W tytule przelewu konieczne jest wpisanie:<\/p>\n\n\n\n<ul class=\"wp-block-list has-black-color has-text-color has-link-color wp-elements-82be923569061e2222f061e16fc10e74\">\n<li><mark style=\"background-color:rgba(0, 0, 0, 0)\" class=\"has-inline-color has-black-color\"><strong>Darowizna na cele statutowe<\/strong>, &lt;kraj darczy\u0144cy&gt;, &lt;miejscowo\u015b\u0107 zamieszkania&gt;<\/mark><\/li>\n<\/ul>\n\n\n\n<p class=\"has-black-color has-text-color has-link-color wp-elements-ccc810594a431838ff73da12b30a3c09\">lub, gdy darczy\u0144ca chce zachowa\u0107 anonimowo\u015b\u0107 (tzn., \u017ce jego dane osobowe nie b\u0119d\u0105 publikowane):<\/p>\n\n\n\n<ul class=\"wp-block-list has-black-color has-text-color has-link-color wp-elements-04f05a1de5f1f6f7ead58d283cfea164\">\n<li><mark style=\"background-color:rgba(0, 0, 0, 0)\" class=\"has-inline-color has-black-color\"><strong>Darowizna na cele statutowe &#8211; anonimowa<\/strong>, &lt;kraj darczy\u0144cy&gt;, &lt;miejscowo\u015b\u0107 zamieszkania&gt;<\/mark><\/li>\n<\/ul>\n\n\n\n<p class=\"has-black-color has-text-color has-link-color wp-elements-a89fc6c7d07ab642820c8f863fa557fa\"><mark style=\"background-color:rgba(0, 0, 0, 0)\" class=\"has-inline-color has-vivid-green-cyan-color\">Z g\u00f3ry bardzo dzi\u0119kujemy za wszelkie wsparcie.<\/mark><\/p>\n\n\n\n<p><\/p>\n\n\n\n<p class=\"has-black-color has-text-color has-link-color wp-elements-c1a96f5500552787f03ca94fbdca4339\"><a href=\"http:\/\/pluriko.pl\/index.php\/darczyncy\/\" data-type=\"page\" data-id=\"523\"><mark style=\"background-color:rgba(0, 0, 0, 0)\" class=\"has-inline-color has-vivid-cyan-blue-color\">Lista darczy\u0144c\u00f3w<\/mark><\/a><\/p>\n","protected":false},"excerpt":{"rendered":"<p>\u200bFundacja PLURIKO nie prowadzi dzia\u0142alno\u015bci gospodarczej. \u0179r\u00f3d\u0142em przychod\u00f3w jest wsparcie finansowe od darczy\u0144c\u00f3w i ewentualne dotacje na konkretne przedsi\u0119wzi\u0119cia. Realizacja cel\u00f3w fundacji i prowadzonych projekt\u00f3w zale\u017cy wi\u0119c od hojno\u015bci i liczno\u015bci darczy\u0144c\u00f3w oraz wk\u0142adu pracy wolontariuszy.Otrzymywane \u015brodki przeznaczane s\u0105 m.in. na wynagrodzenia specjalist\u00f3w realizuj\u0105cych poszczeg\u00f3lne projekty, dofinansowania uczestnictwa w projektach, koszty licencji i subskrypcji niezb\u0119dnych [&hellip;]<\/p>\n","protected":false},"author":1,"featured_media":0,"parent":0,"menu_order":0,"comment_status":"closed","ping_status":"closed","template":"","meta":{"footnotes":""},"class_list":["post-34","page","type-page","status-publish","hentry"],"_links":{"self":[{"href":"https:\/\/pluriko.pl\/index.php\/wp-json\/wp\/v2\/pages\/34","targetHints":{"allow":["GET"]}}],"collection":[{"href":"https:\/\/pluriko.pl\/index.php\/wp-json\/wp\/v2\/pages"}],"about":[{"href":"https:\/\/pluriko.pl\/index.php\/wp-json\/wp\/v2\/types\/page"}],"author":[{"embeddable":true,"href":"https:\/\/pluriko.pl\/index.php\/wp-json\/wp\/v2\/users\/1"}],"replies":[{"embeddable":true,"href":"https:\/\/pluriko.pl\/index.php\/wp-json\/wp\/v2\/comments?post=34"}],"version-history":[{"count":26,"href":"https:\/\/pluriko.pl\/index.php\/wp-json\/wp\/v2\/pages\/34\/revisions"}],"predecessor-version":[{"id":868,"href":"https:\/\/pluriko.pl\/index.php\/wp-json\/wp\/v2\/pages\/34\/revisions\/868"}],"wp:attachment":[{"href":"https:\/\/pluriko.pl\/index.php\/wp-json\/wp\/v2\/media?parent=34"}],"curies":[{"name":"wp","href":"https:\/\/api.w.org\/{rel}","templated":true}]}}