{"id":48,"date":"2023-10-08T10:20:01","date_gmt":"2023-10-08T10:20:01","guid":{"rendered":"http:\/\/pluriko.pl\/?page_id=48"},"modified":"2023-11-11T15:12:00","modified_gmt":"2023-11-11T15:12:00","slug":"pluriko-2","status":"publish","type":"page","link":"https:\/\/pluriko.pl\/index.php\/en\/pluriko-2\/","title":{"rendered":"PLURIKO"},"content":{"rendered":"\n<p class=\"has-black-color has-text-color has-link-color wp-elements-f4171119e037aa61893f8bb65f85e350\"><strong>Contact:<\/strong><br>Foundation &#8220;Centre for Plurilingualism &amp; Intercultural Communicatiion &#8211; PLURIKO&#8221;<br>st. Sp\u00f3\u0142dzielcza 43B<br>PL 05-504 \u0141o\u015b<br>e-mail: info@www.pluriko.net<br>phone + 48 607-328418<\/p>\n\n\n\n<p class=\"has-black-color has-text-color has-link-color wp-elements-42646ee304f3a45cd7c5372ce7bdc9a2\">KRS:\u00a00000980779<br>Tax ID:9512545463<br>REGON:52258576900000<\/p>\n\n\n\n<p class=\"has-black-color has-text-color has-link-color wp-elements-c62c5d0447980fcc5ee525621b30f7a4\"><strong>Bank account &#8211; IBAN:<\/strong><br>PLN: PL21 1140 2004 0000 3602 8271 2205<br>EUR: PL05 1140 2004 0000 3012 1685 5185<br>BIC\/SWIFT: BREXPLPWMBK<\/p>\n\n\n\n<p class=\"has-black-color has-text-color has-link-color wp-elements-1cb1b50fff5250bc6cb98ccccd8726b9\"><strong>Foundation Board:<\/strong><br>Jerzy Leyk &#8211; CEO<br>e-mail: jerzy.leyk@op.pl<\/p>\n\n\n\n<p class=\"has-black-color has-text-color has-link-color wp-elements-55aad6d2dac2d8e8129ff3541ff25d15\">Ryszard Rokicki &#8211; Deputy CEO<br>e-mail: ryszard.rokicki@gmail.com<\/p>\n\n\n\n<p class=\"has-black-color has-text-color has-link-color wp-elements-1aa0a05ad60a1a19d7ede2d104bc077b\"><strong>Foundation&#8217;s Scientific Council:<\/strong><br>dr hab. Ilona Koutny, prof. UAM in Pozna\u0144 &#8211; Chairwoman<br>dr hab. Przemys\u0142aw Grzybowski, prof. UKW in Bydgoszcz<br>dr. Katalin Kov\u00e1ts, <a>edukado.net<\/a> &#8211; Editor-in-Chief<\/p>\n","protected":false},"excerpt":{"rendered":"<p>Contact:Foundation &#8220;Centre for Plurilingualism &amp; Intercultural Communicatiion &#8211; PLURIKO&#8221;st. Sp\u00f3\u0142dzielcza 43BPL 05-504 \u0141o\u015be-mail: info@www.pluriko.netphone + 48 607-328418 KRS:\u00a00000980779Tax ID:9512545463REGON:52258576900000 Bank account &#8211; IBAN:PLN: PL21 1140 2004 0000 3602 8271 2205EUR: PL05 1140 2004 0000 3012 1685 5185BIC\/SWIFT: BREXPLPWMBK Foundation Board:Jerzy Leyk &#8211; CEOe-mail: jerzy.leyk@op.pl Ryszard Rokicki &#8211; Deputy CEOe-mail: ryszard.rokicki@gmail.com Foundation&#8217;s Scientific Council:dr hab. Ilona [&hellip;]<\/p>\n","protected":false},"author":1,"featured_media":0,"parent":0,"menu_order":0,"comment_status":"closed","ping_status":"closed","template":"","meta":{"footnotes":""},"class_list":["post-48","page","type-page","status-publish","hentry"],"_links":{"self":[{"href":"https:\/\/pluriko.pl\/index.php\/wp-json\/wp\/v2\/pages\/48","targetHints":{"allow":["GET"]}}],"collection":[{"href":"https:\/\/pluriko.pl\/index.php\/wp-json\/wp\/v2\/pages"}],"about":[{"href":"https:\/\/pluriko.pl\/index.php\/wp-json\/wp\/v2\/types\/page"}],"author":[{"embeddable":true,"href":"https:\/\/pluriko.pl\/index.php\/wp-json\/wp\/v2\/users\/1"}],"replies":[{"embeddable":true,"href":"https:\/\/pluriko.pl\/index.php\/wp-json\/wp\/v2\/comments?post=48"}],"version-history":[{"count":3,"href":"https:\/\/pluriko.pl\/index.php\/wp-json\/wp\/v2\/pages\/48\/revisions"}],"predecessor-version":[{"id":339,"href":"https:\/\/pluriko.pl\/index.php\/wp-json\/wp\/v2\/pages\/48\/revisions\/339"}],"wp:attachment":[{"href":"https:\/\/pluriko.pl\/index.php\/wp-json\/wp\/v2\/media?parent=48"}],"curies":[{"name":"wp","href":"https:\/\/api.w.org\/{rel}","templated":true}]}}