{"id":552,"date":"2024-01-02T09:33:46","date_gmt":"2024-01-02T09:33:46","guid":{"rendered":"http:\/\/pluriko.pl\/?page_id=552"},"modified":"2024-01-02T09:33:47","modified_gmt":"2024-01-02T09:33:47","slug":"klauzula-rodo","status":"publish","type":"page","link":"https:\/\/pluriko.pl\/index.php\/klauzula-rodo\/","title":{"rendered":"KLAUZULA RODO"},"content":{"rendered":"\n<p class=\"has-black-color has-text-color has-link-color wp-elements-68e8e6c2f2b04d70cfe668649e42a111\"><strong>dotycz\u0105ca przetwarzania danych osobowych wsp\u00f3\u0142pracownik\u00f3w, darczy\u0144c\u00f3w, odbiorc\u00f3w us\u0142ug i uczestnik\u00f3w projekt\u00f3w<\/strong> <strong>\u00a0Fundacji \u201eO\u015brodek Plurlingwizmu i Komunikacji Mi\u0119dzykulturowej\u00a0 &#8211; PLURIKO<\/strong><\/p>\n\n\n\n<p class=\"has-black-color has-text-color has-link-color wp-elements-b8fa0dbf0939bd1e30d60dd21df5612e\">Zgodnie z\u00a0art. 13 ust. 1 i\u00a02 rozporz\u0105dzenia Parlamentu Europejskiego i\u00a0Rady (UE) 2016\/679 z\u00a0dnia 27 kwietnia 2016 r. w\u00a0sprawie ochrony os\u00f3b fizycznych w\u00a0zwi\u0105zku z\u00a0przetwarzaniem danych osobowych i\u00a0w\u00a0sprawie swobodnego przep\u0142ywu takich danych oraz uchylenia dyrektywy 95\/46\/WE (og\u00f3lne rozporz\u0105dzenie o\u00a0ochronie danych, dalej: RODO) informujemy, \u017ce:<\/p>\n\n\n\n<ol start=\"1\" class=\"has-black-color has-text-color has-link-color wp-block-list wp-elements-e4163e6268620d7d7e87468d09bf7449\">\n<li><strong>Administratorem <\/strong><strong>danych osobowych<\/strong> jest Fundacja \u201eO\u015brodek Plurlingwizmu i Komunikacji Mi\u0119dzykulturowej&nbsp; &#8211; PLURIKO\u201d z&nbsp;siedzib\u0105 w&nbsp;Warszawie, ul. Meander 10 m. 8, 02-791 Warszawa, zwana dalej Fundacj\u0105.<\/li>\n\n\n\n<li>Z administratorem danych mo\u017cna kontaktowa\u0107 si\u0119 korespondencyjnie na adres: Jerzy Leyk, ul. Bukowa 8, 05-504 \u0141o\u015b; e-mail: jerzy.leyk@op.pl.<\/li>\n\n\n\n<li>Dane osobowe wsp\u00f3\u0142pracownik\u00f3w, darczy\u0144c\u00f3w, odbiorc\u00f3w us\u0142ug i uczestnik\u00f3w projekt\u00f3w s\u0105 przetwarzane <strong>na podstawie <\/strong>art. 6 ust. 1 lit. a&nbsp;i c RODO<strong> w zakresie realizacji cel\u00f3w statutowych Fundacji.<\/strong><\/li>\n\n\n\n<li>Darczy\u0144cy maja prawo zastrzec anonimowo\u015b\u0107 danych osobowych, kt\u00f3re mog\u0142yby umo\u017cliwi\u0107 ich identyfikacj\u0119.<\/li>\n\n\n\n<li><strong>Odbiorcami danych osobowych<\/strong> s\u0105 podmioty realizuj\u0105ce projekty Fundacji, ale jedynie w zakresie niezb\u0119dnym wynikaj\u0105cym z przepis\u00f3w dotycz\u0105cych danego rodzaju dzia\u0142a\u0144.<\/li>\n\n\n\n<li>Przekazane przez <strong>dane osobowe b\u0119d\u0105 przechowywane<\/strong> przez okres do realizacji danego rodzaju dzia\u0142a\u0144 Fundacji, a nast\u0119pnie przez okres przewidziany dla archiwizacji dokument\u00f3w zgodnie z obowi\u0105zuj\u0105cymi przepisami.<\/li>\n\n\n\n<li>Posiada Pan\/Pani <strong>prawo dost\u0119pu<\/strong> do przekazanych przez siebie danych osobowych, do \u017c\u0105dania ich sprostowania, sprzeciwu, ich usuni\u0119cia po up\u0142ywie wskazanych okres\u00f3w lub ograniczenia ich przetwarzania.<\/li>\n\n\n\n<li>Niezale\u017cnie od powy\u017cszego przys\u0142uguje Panu\/Pani <strong>uprawnienie do wniesienia skargi do organu nadzorczego<\/strong>, tj. Prezesa Urz\u0119du Ochrony Danych Osobowych (ul. Stawki 2, 00-193 Warszawa), gdy uzna Pan\/Pani, \u017ce przetwarzanie przekazanych przez Pana\/Pani\u0105 danych osobowych narusza przepisy RODO.<\/li>\n\n\n\n<li>Podanie przez Pana\/Pani\u0105 danych osobowych jest <strong>dobrowolne jednak ich przetwarzanie mo\u017ce by\u0107 warunkiem uczestnictwa<\/strong> w danym rodzaju dzia\u0142alno\u015bci Fundacji, o ile tak zosta\u0142o zaznaczone.<\/li>\n\n\n\n<li>Przekazane przez Pana\/Pani\u0105 dane osobowe <strong>nie b\u0119d\u0105 przekazywane do podmiot\u00f3w spoza Europejskiego Obszaru Gospodarczego<\/strong>.<\/li>\n<\/ol>\n","protected":false},"excerpt":{"rendered":"<p>dotycz\u0105ca przetwarzania danych osobowych wsp\u00f3\u0142pracownik\u00f3w, darczy\u0144c\u00f3w, odbiorc\u00f3w us\u0142ug i uczestnik\u00f3w projekt\u00f3w \u00a0Fundacji \u201eO\u015brodek Plurlingwizmu i Komunikacji Mi\u0119dzykulturowej\u00a0 &#8211; PLURIKO Zgodnie z\u00a0art. 13 ust. 1 i\u00a02 rozporz\u0105dzenia Parlamentu Europejskiego i\u00a0Rady (UE) 2016\/679 z\u00a0dnia 27 kwietnia 2016 r. w\u00a0sprawie ochrony os\u00f3b fizycznych w\u00a0zwi\u0105zku z\u00a0przetwarzaniem danych osobowych i\u00a0w\u00a0sprawie swobodnego przep\u0142ywu takich danych oraz uchylenia dyrektywy 95\/46\/WE (og\u00f3lne rozporz\u0105dzenie [&hellip;]<\/p>\n","protected":false},"author":1,"featured_media":0,"parent":0,"menu_order":0,"comment_status":"closed","ping_status":"closed","template":"","meta":{"footnotes":""},"class_list":["post-552","page","type-page","status-publish","hentry"],"_links":{"self":[{"href":"https:\/\/pluriko.pl\/index.php\/wp-json\/wp\/v2\/pages\/552","targetHints":{"allow":["GET"]}}],"collection":[{"href":"https:\/\/pluriko.pl\/index.php\/wp-json\/wp\/v2\/pages"}],"about":[{"href":"https:\/\/pluriko.pl\/index.php\/wp-json\/wp\/v2\/types\/page"}],"author":[{"embeddable":true,"href":"https:\/\/pluriko.pl\/index.php\/wp-json\/wp\/v2\/users\/1"}],"replies":[{"embeddable":true,"href":"https:\/\/pluriko.pl\/index.php\/wp-json\/wp\/v2\/comments?post=552"}],"version-history":[{"count":6,"href":"https:\/\/pluriko.pl\/index.php\/wp-json\/wp\/v2\/pages\/552\/revisions"}],"predecessor-version":[{"id":562,"href":"https:\/\/pluriko.pl\/index.php\/wp-json\/wp\/v2\/pages\/552\/revisions\/562"}],"wp:attachment":[{"href":"https:\/\/pluriko.pl\/index.php\/wp-json\/wp\/v2\/media?parent=552"}],"curies":[{"name":"wp","href":"https:\/\/api.w.org\/{rel}","templated":true}]}}