{"id":62,"date":"2023-10-08T10:30:41","date_gmt":"2023-10-08T10:30:41","guid":{"rendered":"http:\/\/pluriko.pl\/?page_id=62"},"modified":"2023-11-11T16:46:17","modified_gmt":"2023-11-11T16:46:17","slug":"interlingvistikaj-studoj","status":"publish","type":"page","link":"https:\/\/pluriko.pl\/index.php\/eo\/interlingvistikaj-studoj\/","title":{"rendered":"Interlingvistikaj studoj"},"content":{"rendered":"\n<p class=\"has-black-color has-text-color has-link-color wp-elements-67094df671479e7bf7520f3de733617f\">Kompleta studprogramo pri esperantologio kaj interlingvistiko por tiuj, kiuj volas pliperfekti\u011di en tiu tereno kaj akiri kvalifikon, ekzistas nur en la Adam Mickiewicz Universitato (AMU) en Poznano, unu el la plej signifaj polaj universitatoj. Ekde 1998 \u011di ofertas tri-jaran eksteran postdiploman studadon por internacia publiko. La kursaro okazas en la Etnolingvistika Instituto (posteulo de la Lingvistika Instituto), Fakultato de Modernaj Lingvoj kaj Literaturoj, sub la gvido de Ilona Koutny kaj kun la kontribuo de elstaraj esperantologoj, kiel V\u011bra Barandovsk\u00e1-Frank, Tomasz Chmielik, Nicolau Dols, Istv\u00e1n Ertl, Michael Farris, Sabine Fiedler, Aleksander Kor\u0135enkov, Katalin Kov\u00e1ts, Aleksander Melnikov, Ida Stria kaj Humphrey Tonkin. Dum la historio de la Studoj kontribuis per kurso anka\u016d aliaj konataj fakuloj: Marc Bavant, \u2020Vilmos Benczik, \u2020Detlev Blanke, Renato Corsetti, Probal Dasgupta, Roman Dobrzy\u0144ski, \u2020Michel Duc Goninaz, \u2020Zbigniew Galor, Goro Christoph Kimura, Zs\u00f3fia K\u00f3r\u00f3dy, la poetino Lidia Lig\u0119za, Ulrich Lins, Maria Majerczak, Jukka Pietil\u00e4inen, Barbara Pietrzak, Blazio Wacha kaj John Wells.<\/p>\n\n\n\n<p class=\"has-black-color has-text-color has-link-color wp-elements-0fff0af95c82dacb25dac7cb104fb22c\">La Interlingvistikaj Studoj komplete en esperanto donas unuflanke la bazojn de \u011denerala kaj aplikata lingvistiko, kiuj estas necesaj por konvene loki esperanton inter la naturaj lingvoj, aliflanke prezentas planlingvojn, el kiuj esperanto elkreskis. La internacia kaj interkultura komunikado, por kiu esperanto estis kreita kaj kie gi bone funkcias, estas en fokuso. La Studoj detale okupi\u011das pri gramatiko, literaturo, kulturo kaj historio de Esperanto.<\/p>\n\n\n\n<p class=\"has-black-color has-text-color has-link-color wp-elements-d76525147ce98b9015771a3209efb03a\">En la tria jaro eblas speciali\u011di pri komunikado, lingvistiko, literaturo, tradukado, planlingvistiko a\u016d pri lingvopedagogio. Pro la metodika formado la Studoj ricevas specialan rolon en la instruista trejnado \u2013 al kiu eblos aparte ali\u011di. En tiu \u0109i tereno ekde la studjaro 2007\/08 reali\u011das kunlaboro kun ILEI (Internacia Ligo de Esperantistaj Instruistoj) kaj poste kun Edukado.net. Jen unika ebleco akiri universitatan atestilon por esperanto-instruistoj.<\/p>\n\n\n\n<p class=\"has-black-color has-text-color has-link-color wp-elements-c9cc3fd22098a7f0503d45b7588edf24\">\u011cis nun okazis unusemajnaj intensaj sesioj (surlokaj kursoj de po 4 studobjektoj kaj ekzamenoj) unufoje dum la semestro (fine de septembro kaj komence de februaro). Ekde 2021 okazos nur septembre surlokaj sesioj, poste retaj semajnfinaj sesietoj, anka\u016d la februara sesio estos virtuala, \u011din sekvos du virtualaj sesietoj. La semestroj komenci\u011dos per 5-tagaj intensaj sesioj, poste aldoni\u011dos la ekzamenoj. La gestudentoj laboras pri siaj taskoj hejme kaj konsulti\u011das rete kun la prelegantoj (kontrolado de ekzercoj, eseoj kaj pliaj kurso-taskoj), parte per reta platformo. Post pretigo de finlabora\u0135o kaj fina ekzameno ili ricevos atestilon pri postdiplomaj Interlingvistikaj Studoj, kiu validas 120 ECTS (e\u016dropajn studunuojn, same kiel la magistraj studoj).<\/p>\n\n\n\n<p class=\"has-black-color has-text-color has-link-color wp-elements-8457142492c6c463d95db4c6e1969a64\">Partoprenontoj el la tuta mondo povas <strong>ali\u011di<\/strong>\u00a0\u011dis la 1-a de a\u016dgusto 2021 por la studoj. La unua sesio okazos inter la 21-a kaj la 25-a de septembro 2021. La sekvaj semajnfinaj sesioj fine de oktobro kaj komence de decembro.<\/p>\n\n\n\n<p class=\"has-black-color has-text-color has-link-color wp-elements-7dbeb268a20a2adb01849063ef781784\"><strong>Postuloj:<\/strong>\u00a0diplomo pri superagradaj studoj kaj bona scio de Esperanto (min. B2). Partoprenontoj devas plenumi orientigan teston.<\/p>\n\n\n\n<p class=\"has-black-color has-text-color has-link-color wp-elements-5d0f439b093b6c8ade0ea8059345598d\"><strong>Kotizo por unu semestro:<\/strong>\u00a01800 PLN (\u0109. 400 EUR). En motivita kazo eblos peti redukton. Kelkaj stipendioj estas anta\u016dvidataj dank&#8217; al ESF (Esperantic Studies Foundation).<\/p>\n\n\n\n<p class=\"has-black-color has-text-color has-link-color wp-elements-c86e0f42f204e9c3e4f5ab9eb3adb845\"><strong>Pluaj informoj kaj ali\u011dilo:<\/strong><br><a>http:\/\/interl.amu.edu.pl<\/a><br><a>interlin@amu.edu.pl<\/a><\/p>\n\n\n\n<p class=\"has-black-color has-text-color has-link-color wp-elements-e933bdb4fd4e9a20502f263996804982\">Prof. dr hab. Ilona Koutny, gvidanto de la Interlingvistikaj Studoj<br>Etnolingvistika Instituto de Universitato Adam Mickiewicz<br>al. Niepodleg\u0142o\u015bci 4, PL-61-874 Pozna\u0144<br><a>ikoutny@amu.edu.pl<\/a><\/p>\n","protected":false},"excerpt":{"rendered":"<p>Kompleta studprogramo pri esperantologio kaj interlingvistiko por tiuj, kiuj volas pliperfekti\u011di en tiu tereno kaj akiri kvalifikon, ekzistas nur en la Adam Mickiewicz Universitato (AMU) en Poznano, unu el la plej signifaj polaj universitatoj. Ekde 1998 \u011di ofertas tri-jaran eksteran postdiploman studadon por internacia publiko. La kursaro okazas en la Etnolingvistika Instituto (posteulo de la [&hellip;]<\/p>\n","protected":false},"author":1,"featured_media":0,"parent":0,"menu_order":0,"comment_status":"closed","ping_status":"closed","template":"","meta":{"footnotes":""},"class_list":["post-62","page","type-page","status-publish","hentry"],"_links":{"self":[{"href":"https:\/\/pluriko.pl\/index.php\/wp-json\/wp\/v2\/pages\/62","targetHints":{"allow":["GET"]}}],"collection":[{"href":"https:\/\/pluriko.pl\/index.php\/wp-json\/wp\/v2\/pages"}],"about":[{"href":"https:\/\/pluriko.pl\/index.php\/wp-json\/wp\/v2\/types\/page"}],"author":[{"embeddable":true,"href":"https:\/\/pluriko.pl\/index.php\/wp-json\/wp\/v2\/users\/1"}],"replies":[{"embeddable":true,"href":"https:\/\/pluriko.pl\/index.php\/wp-json\/wp\/v2\/comments?post=62"}],"version-history":[{"count":2,"href":"https:\/\/pluriko.pl\/index.php\/wp-json\/wp\/v2\/pages\/62\/revisions"}],"predecessor-version":[{"id":356,"href":"https:\/\/pluriko.pl\/index.php\/wp-json\/wp\/v2\/pages\/62\/revisions\/356"}],"wp:attachment":[{"href":"https:\/\/pluriko.pl\/index.php\/wp-json\/wp\/v2\/media?parent=62"}],"curies":[{"name":"wp","href":"https:\/\/api.w.org\/{rel}","templated":true}]}}