{"id":68,"date":"2023-10-08T10:35:06","date_gmt":"2023-10-08T10:35:06","guid":{"rendered":"http:\/\/pluriko.pl\/?page_id=68"},"modified":"2023-12-25T12:43:19","modified_gmt":"2023-12-25T12:43:19","slug":"donu-sancon-al-la-infano","status":"publish","type":"page","link":"https:\/\/pluriko.pl\/index.php\/eo\/donu-sancon-al-la-infano\/","title":{"rendered":"Donu \u015dancon al la infano"},"content":{"rendered":"\n<p><\/p>\n\n\n\n<p><\/p>\n\n\n\n<p class=\"has-text-align-center has-black-color has-text-color has-link-color wp-elements-067767ed1119e35c8fdb477c85cf27bd\" style=\"font-size:24px\"><strong><mark style=\"background-color:rgba(0, 0, 0, 0)\" class=\"has-inline-color has-black-color\">PRISKRIBO DE LA PROJEKTO<\/mark><\/strong><\/p>\n\n\n\n<p class=\"has-text-align-center has-vivid-cyan-blue-color has-text-color has-link-color wp-elements-1b5bb1d0dda6784a44673bb1ed41bf1c\" style=\"font-size:20px\"><em><strong><mark style=\"background-color:rgba(0, 0, 0, 0)\" class=\"has-inline-color has-vivid-cyan-blue-color\">Donu \u015dancon al la infano<\/mark><\/strong><\/em> <em><strong><mark style=\"background-color:rgba(0, 0, 0, 0)\" class=\"has-inline-color has-vivid-cyan-blue-color\">\u2013 por pli bona evoluo de la menso, lingvaj kaj komunikaj kapabloj &nbsp;<\/mark><\/strong><\/em><\/p>\n\n\n\n<p class=\"has-black-color has-text-color has-link-color wp-elements-5618ebec4cab436e974416c311762e51\">La projekto &#8220;Lingva Terapio de la Menso de lernantoj kun mildaj intelektaj neplenkapabloj&#8221; estas organizita de Fonda\u0135o &#8220;Centro pri Plurlingvosmo kaj Interkultura Komunikado &#8211; PLURIKO&#8221; en specialaj bazlernejoj en kunlaboro kaj sub la superrigardo de sciencistoj-ptaktikuloj el universitatoj kaj esploraj institucioj el Bydgoszcz, Olsztyn, Pozna\u0144 kaj Varsovio.<\/p>\n\n\n\n<p class=\"has-black-color has-text-color has-link-color wp-elements-c8a0406f93deda4055ba52c04b78d838\">Projekto por unuopa klaso da\u016dras 2 jarojn, direktita estas nur al lernantoj en 4-a klaso kun mildaj intelektaj neplenkapabloj &#8211; temas pri lernantoj, kiuj estas en Pollando submetitaj al deviga lernado de fremda lingvo. La projekto konsistas el 2 interligitaj partoj: eduka kaj scienc-esplora. En la projekto partoprenas du grupoj de lernantoj: eksperimenta (lernantoj de esperanto) kaj kontrola (la ceteraj).<\/p>\n\n\n\n<p class=\"has-black-color has-text-color has-link-color wp-elements-74d40343b9763abd35988f6ee0afa7ea\" style=\"text-decoration:underline\">\u200bEduka parto &#8211; eksperimenta grupo &#8211; kial indas partopreni?<\/p>\n\n\n\n<p class=\"has-black-color has-text-color has-link-color wp-elements-50fc68c792f6325c05fa9fe3f6b44f54\">En la eduka parto la projekto enhavas lernadon de simpla fremda lingvo, kiu estas esperanto dum 2-jara periodo po 2 plenaj 45-minutaj lecionoj semajne gvidataj de fremdlingva instruisto (ekz. de la angla) en formo de pliaj lecionoj la\u016d speciale evoluinta kaj pruvita internacia kurso por infanoj. Krome, dum la ferioj lernantoj partoprenas restadon kun gekolegoj el aliaj landoj lernantaj esperanton a\u016d kurson gvidatan de  instruisto el alia lando.<\/p>\n\n\n\n<p class=\"has-black-color has-text-color has-link-color wp-elements-16d8aa2df48aad113b82bbf85e991ad1\">&nbsp;Estas konate ke, krom la sanstato, la plej granda baro al la kogna kaj socia funkciado de adoleskantoj, kaj poste plenkreskuloj kun intelektaj neplenkapabloj, estas la nivelo de evoluo de ilia menso, kaj precipe la denseco de ne\u016dralaj ligoj en la cerbo. \u0108iu, e\u0109 malgranda plii\u011do en \u0109i tiu nivelo estas ege utila por ili kaj faciligas ilian funkciadon poste. \u011cenerale, oni trovis, ke por infanoj, adoleskantoj kaj homoj en emeriti\u011da\u011do, lernado de fremdaj lingvoj havas tre pozitivan efikon je cerba disvolvi\u011do. Beda\u016drinde, por homoj kun intelektaj neplenkapabloj lernado de plej ofte instruataj fremdaj lingvoj (ekz. la angla) en la lerneja re\u011dimo ne donas kompareblajn rezultojn. La kialo estas la komplekseco de \u0109i tiuj lingvoj, kiu signife malhelpas ilian akiron kaj ka\u016dzas ke la progreso en lernado kaj la evoluo de ne\u016dralaj ligoj en la cerbo rezulte de lernado de tia fremda lingvo estas tre ofte neglektinda.<\/p>\n\n\n\n<p class=\"has-black-color has-text-color has-link-color wp-elements-54faffae6afd26d9bad902d68031ad97\">Atingoj de infanoj kun intelektaj neplenkapabloj \u0109e la fino de lerneja edukado en uzado de fremda lingvo (ekz. la angla) estas do malaltaj &#8211; tio rezultas el tio, ke la utileco lerni \u011din estas en ilia vivo foje malgranda, iluzia, kaj la klopodo farita povas esti frustra kaj malkura\u011diga. &nbsp;Do indas ser\u0109i \u015dancojn por plibonigi la menson de la infano rilate \u011deneralajn lingvajn kaj komunikajn kapablojn (anka\u016d rilate al la gepatra lingvo\/lerneja lingvo) alimaniere &#8211; tia solvo estas, ekzemple, lernado de simpla sed efika komunika lingvo esperanto .<\/p>\n\n\n\n<p class=\"has-black-color has-text-color has-link-color wp-elements-f3ddba76e30259b6280f166f7b5ea303\"><strong>Esploroj faritaj en diversaj landoj montras, ke lernado de esperanto plibonigas la scipovon de lernantoj en la gepatra lingvo kaj la deviga fremda lingvo je \u0109irka\u016d 20-25%.<\/strong>Aparte utila efiko de lernado de esperanto estis observita \u0109e infanoj kun reduktitaj intelektaj kapabloj. Tial estas racie supozi, ke <strong>lernado de esperanto far\u00a0ili efikos\u00a0per pli bona cerba evoluo &#8211; kontribuos ne nur al la evoluo de iliaj kompetentecoj kaj lingvokapabloj, sed anka\u016d al la plibonigo de socia komunikado, kognaj funkcioj kaj la nivelo de \u011denerala inteligenteco.<\/strong><\/p>\n\n\n\n<p class=\"has-black-color has-text-color has-link-color wp-elements-1a96ac03a687259cca687113ab49bdf5\">En tiu kunteksto <strong>lernado de esperanto havas anta\u016d \u0109io terapian celon kaj karakteron &#8211; <\/strong>la lingvo mem estas ilo en tiu \u0109i terapio. La kapablo uzi almena\u016d unu fremdan lingvon praktike estas plia efiko. \u0108i tiu speco de mensa terapio donas efikojn en pluraj dimensioj:<\/p>\n\n\n\n<ol class=\"wp-block-list\" style=\"list-style-type:lower-alpha\">\n<li><mark style=\"background-color:rgba(0, 0, 0, 0)\" class=\"has-inline-color has-black-color\">disvolvi\u011do de komunikado kaj sociaj kapabloj &#8211; plibonigo de la uzado de la gepatra lingvo kaj la lingvo de lerneja edukado (se malsama, ekz. \u0109e enmigrintaj infanoj) kaj plibonigo de la procezo de lernado de deviga fremda lingvo,<\/mark><\/li>\n\n\n\n<li><mark style=\"background-color:rgba(0, 0, 0, 0)\" class=\"has-inline-color has-black-color\">evoluo de kognaj funkcioj &#8211; pli bona ekkono kaj kompreno de la \u0109irka\u016da mondo, kaj tiel plibonigo de lernejaj lernadrezultoj,<\/mark><\/li>\n\n\n\n<li><mark style=\"background-color:rgba(0, 0, 0, 0)\" class=\"has-inline-color has-black-color\">psikologiaj aspektoj &#8211; pliigo de la memestimo de la studento, kura\u011do en komunikado kun aliaj, kontento pri lernrezultoj.<\/mark><\/li>\n<\/ol>\n\n\n\n<p class=\"has-black-color has-text-color has-link-color wp-elements-8b7fe63724ec9eadd9117408c6ca7dfd\">\u0108ar&nbsp;<strong>lernado esperanton estas traktata en la projekto kiel terapio,&nbsp;<\/strong>akiro de la atendataj rezultoj&nbsp;<strong>postulas diligenton, regulecon, persistemon, enga\u011di\u011don&nbsp; kaj iom da penado flanke de la lernanto, kaj flanke de la gepatroj\/gardantoj por instigi la infanon aktive partopreni en la lernado &#8211;&nbsp;<\/strong>ja ii estas tiuj kiuj respondecas pri la partopreno de la infano en tia projekto. Infano en \u0109i tiu a\u011do kaj kun tia neplenkapablo eble ne komprenas la signifon, sencon kaj celon de tiu \u0109i lernado. Samkiel en la kazo de aliaj terapioj (pri kiuj, kompreneble, la infano ne decidas) kaj lernado de aliaj studobjektoj.<\/p>\n\n\n\n<p><\/p>\n\n\n\n<p class=\"has-black-color has-text-color has-link-color wp-elements-6cb00ad61a0f3793d75644be4258e552\" style=\"text-decoration:underline\">Scienca kaj esplora parto (analizo de efikoj) &#8211; celo, amplekso,&nbsp; agadoj<\/p>\n\n\n\n<p class=\"has-black-color has-text-color has-link-color wp-elements-ec71c66bfb05745d3e69d608605ebefc\">Sciencaj kaj esploraj agadoj kiel parto de la projekto konsistas el diversaj mezuradoj. Ili estas samaj por lernantoj de la eksperimenta kaj kontrola grupo. En la eksperimenta grupo aldoni\u011das nur pritaksado de la nivelo de la posedo de esperanto je la fino kaj komparo kun la nivelo de regado de deviga fremda lingvo.<\/p>\n\n\n\n<p class=\"has-black-color has-text-color has-link-color wp-elements-aff8b7ce5e3ae2c85197c57fbbe74241\">La unua grupo de mezuradoj koncernas&nbsp;<em><strong>taksadon de la progreso de lingvaj kaj komunikaj kompetencoj de lernantoj&nbsp;<\/strong><\/em>\u2013 &nbsp;\u011di estas farata surbaze de:<\/p>\n\n\n\n<ol class=\"wp-block-list\">\n<li><mark style=\"background-color:rgba(0, 0, 0, 0)\" class=\"has-inline-color has-black-color\">rakonto en la lingvo de la lerneja edukado kaj la fremda, kion la studento vidas en la bildo kun sceno el la hejma vivo &#8211;<\/mark><mark style=\"background-color:rgba(0, 0, 0, 0)\" class=\"has-inline-color has-vivid-cyan-blue-color\">\u00a0individua renkonti\u011do kun la lernanto<\/mark><mark style=\"background-color:rgba(0, 0, 0, 0)\" class=\"has-inline-color has-black-color\">\u00a0&#8211; da\u016dras \u0109irka\u016d 15-20 minutojn;<\/mark><\/li>\n\n\n\n<li><mark style=\"background-color:rgba(0, 0, 0, 0)\" class=\"has-inline-color has-black-color\">respondoj en la lingvo de la lerneja edukado al simplaj demandoj, kiuj ne postulas apartan preparon de la studento pri \u011deneralaj lingvokapabloj (predispozicioj) &#8211;\u00a0<\/mark><mark style=\"background-color:rgba(0, 0, 0, 0)\" class=\"has-inline-color has-vivid-cyan-blue-color\">grupa kunveno kun lernantoj<\/mark><mark style=\"background-color:rgba(0, 0, 0, 0)\" class=\"has-inline-color has-black-color\">\u00a0&#8211; da\u016dras \u0109irka\u016d 35-40 minutojn;<\/mark><\/li>\n\n\n\n<li><mark style=\"background-color:rgba(0, 0, 0, 0)\" class=\"has-inline-color has-black-color\">kompletigo de observfolioj koncerne lingvokondutojn de la lernanto f<\/mark><mark style=\"background-color:rgba(0, 0, 0, 0)\" class=\"has-inline-color has-vivid-cyan-blue-color\">ar la instruistoj <\/mark><mark style=\"background-color:rgba(0, 0, 0, 0)\" class=\"has-inline-color has-black-color\">de \u0109iuj koncernaj lingvoj\u00a0&#8211; da\u016dras \u0109irka\u016d 15-20 minutojn per unuopa lingvo.<\/mark><\/li>\n<\/ol>\n\n\n\n<p class=\"has-black-color has-text-color has-link-color wp-elements-51affcb81861960504213c4ebb67a124\">\u0108iuj materialoj estas speciale adaptitaj al la eblecoj de lernantoj de 4-a grado kun mildaj intelektaj neplenkapabloj.<\/p>\n\n\n\n<p class=\"has-black-color has-text-color has-link-color wp-elements-6404b4c136c0b77bdc5fa17811b75844\">La dua grupo de mezuradoj koncernas <em><strong>taksadon de la progreso en kognaj funkcioj, socia konduto kaj cerba evoluo de la lernanto&nbsp;<\/strong><\/em>kun kiuj lingvolernado diversmaniere rilatas. La demando estas kiel kaj kiomgrade?<\/p>\n\n\n\n<p class=\"has-black-color has-text-color has-link-color wp-elements-4957f5538cfc6742946159ee4cd0cd40\">Taksoj estas farataj de specialistoj surbaze de normaj diagnozaj testoj uzataj en Psikologiaj kaj Pedagogiaj Konsilaj Centroj, ekz. en ekzamenadoj por eldoni atestilon pri la bezono de speciala edukado:<\/p>\n\n\n\n<ol class=\"wp-block-list\" start=\"4\">\n<li><mark style=\"background-color:rgba(0, 0, 0, 0)\" class=\"has-inline-color has-black-color\">ABAS-3 &#8211; ilo por taksi adaptan konduton, t.e. la evoluon de kognaj kaj sociaj funkcioj de la lernanto &#8211; konsistas en plenigo de formularoj aparte far la gepatro\/kuratoro kaj de la edukisto\u00a0<\/mark><mark style=\"background-color:rgba(0, 0, 0, 0)\" class=\"has-inline-color has-vivid-cyan-blue-color\">sen enga\u011di\u00a0la lernanton<\/mark><mark style=\"background-color:rgba(0, 0, 0, 0)\" class=\"has-inline-color has-black-color\">\u00a0&#8211; da\u016dras \u0109irka\u016d 20-30 minutojn;<\/mark><\/li>\n\n\n\n<li><mark style=\"background-color:rgba(0, 0, 0, 0)\" class=\"has-inline-color has-black-color\">IDS-2 &#8211; ilo por taksi la emocian kaj socian sferon &#8211;\u00a0<\/mark><mark style=\"background-color:rgba(0, 0, 0, 0)\" class=\"has-inline-color has-vivid-cyan-blue-color\">individue kun la lernanto<\/mark><mark style=\"background-color:rgba(0, 0, 0, 0)\" class=\"has-inline-color has-black-color\">\u00a0&#8211; da\u016dras \u0109irka\u016d 20 minutojn;<\/mark><\/li>\n\n\n\n<li><mark style=\"background-color:rgba(0, 0, 0, 0)\" class=\"has-inline-color has-black-color\">testo pri inteligenteco SB5 (Stanford-Binet 5) &#8211; <\/mark><mark style=\"background-color:rgba(0, 0, 0, 0)\" class=\"has-inline-color has-vivid-cyan-blue-color\">individua por la lernanto<\/mark><mark style=\"background-color:rgba(0, 0, 0, 0)\" class=\"has-inline-color has-black-color\"> &#8211; tiucele, la organizanto petas la la koncernan Psikologian-Pedagogian Konsilado-Centron testi lernantojn per \u0109i tiu testo enkadre de la epsloroj por eldoni atestilon pri handikapoj por la 2-a etapo de lerneja edukado (je la fino de 3-a klasoj) kiel parto de deviga proceduro &#8211; sen mankas \u011duste tiu testo por lernanto, \u011di estos farita kiel parto de la projekto;<\/mark><\/li>\n\n\n\n<li><mark style=\"background-color:rgba(0, 0, 0, 0)\" class=\"has-inline-color has-black-color\">mezurado de elektitaj parametroj de cerba evoluo kun magneta resonanca bildigo &#8211; \u011di estas uzata por mezuri \u015dan\u011dojn en la dikeco de la kortekso kaj la denseco de ne\u016dralaj ligoj en areoj rilataj al parolado kaj lingvo &#8211; <\/mark><mark style=\"background-color:rgba(0, 0, 0, 0)\" class=\"has-inline-color has-vivid-cyan-blue-color\">individue kun la lernanto<\/mark><mark style=\"background-color:rgba(0, 0, 0, 0)\" class=\"has-inline-color has-black-color\">\u00a0&#8211; da\u016dras \u0109irka\u016d 20-30 minutojn.<\/mark><\/li>\n<\/ol>\n\n\n\n<p class=\"has-black-color has-text-color has-link-color wp-elements-b6f64204b6606a3983bcc4635c9eea55\">Kompletiga&nbsp;en la eksperimenta grupo estas:<\/p>\n\n\n\n<ol class=\"wp-block-list\" start=\"8\">\n<li><mark style=\"background-color:rgba(0, 0, 0, 0)\" class=\"has-inline-color has-black-color\">enketo pri la atendoj kaj graveco de la projekto el la perspektivo de gepatroj &#8211; <\/mark><mark style=\"background-color:rgba(0, 0, 0, 0)\" class=\"has-inline-color has-vivid-cyan-blue-color\">fokusgrupa studo kun\u00a0gepatroj\/gardantoj<\/mark><mark style=\"background-color:rgba(0, 0, 0, 0)\" class=\"has-inline-color has-black-color\"> de la lernantoj de esperanto.<\/mark><\/li>\n<\/ol>\n\n\n\n<p class=\"has-black-color has-text-color has-link-color wp-elements-d540767b1213dbb6d9e183e44daf83c8\">Enkadre de la projekto, gepatroj\/kuratoroj estas petitaj kompletigi la enketilon <em>Profilo de la Lernanto<\/em>, kiu estas uzata por determini individuajn faktorojn kiuj povas influi la evoluon de la kompetentecoj kaj kapabloj de la lernanto en la projekto. Krome ili estas petataj konsenti, ke la lernejo provizas esploristojn per la deviga por la lernejo Individua Eduk-Terapia Programo kaj la Multaspekta Funkcia Pritakso de la Nivelo de la Lernanto.<\/p>\n\n\n\n<p class=\"has-black-color has-text-color has-link-color wp-elements-507dc690f2ed8a7a8d0e94128847885a\">La supre menciitaj agadoj estas farataj komence de la 4-a klaso, kaj post 2 jaroj ripetitaj sur la sama materialo, por ke oni povu kompari la progreson kaj \u015dan\u011dojn \u0109e la lernanto. <\/p>\n\n\n\n<p>En la eksperimenta grupo aldone estas realigata la tasko n-o 1 (rakonto pri la bildo) kaj n-o 3 (<mark style=\"background-color:rgba(0, 0, 0, 0)\" class=\"has-inline-color has-black-color\">kompletigo de observfolioj<\/mark> <mark style=\"background-color:rgba(0, 0, 0, 0)\" class=\"has-inline-color has-black-color\">koncerne lingvokondutojn<\/mark>) &#8211; post la unua kaj dua jaro de lernado. Anka<mark style=\"background-color:rgba(0, 0, 0, 0)\" class=\"has-inline-color has-black-color\">\u016d<\/mark> post du jaroj okazas simpla ekzamenado pri akiritaj lingvaj kompetencoj en esperanto kaj en la instruata fremda lingvo surbaze de samaj taskoj. <\/p>\n\n\n\n<p class=\"has-black-color has-text-color has-link-color wp-elements-34bd5b2e3aa4fccfe8291c2286f9675a\">\u0108i-rilate la projekto estas unika tutmonde, <mark style=\"background-color:rgba(0, 0, 0, 0)\" class=\"has-inline-color has-black-color\">\u0109<\/mark>ar la scienco ne jam sias tion.<\/p>\n\n\n\n<p class=\"has-black-color has-text-color has-link-color wp-elements-9e3c3cd57da4e23b9b45937b8f0a8071\" style=\"text-decoration:underline\">\u200bPartopreno de studento en kontrolgrupo &#8211; kial indas?<\/p>\n\n\n\n<p class=\"has-black-color has-text-color has-link-color wp-elements-0fbeaa38ff744719aae7efb50c64f501\">La lernantoj el la kontrolgrupo ne partoprenas esperanto lecionojn. Ilia evoluo tamen estas submetata al la sama takso kaj mezurado komence kaj fine de la 2-jara periodo en la sferoj por kiuj konsento de gepatra\/kuratoro estas donita &#8211; samkiel en la kazo de lernantoj en la eksperimenta grupo.<\/p>\n\n\n\n<p class=\"has-black-color has-text-color has-link-color wp-elements-e53381711bef846efa62043adda3ebb4\">Establo de kontrolgrupo estas necesa el la esplora vidpunkto: \u011di ebligas kontroli la efikojn de la eksperimento komparante amba<mark style=\"background-color:rgba(0, 0, 0, 0)\" class=\"has-inline-color has-black-color\">\u016d<\/mark> grupojn de la lernantoj.<\/p>\n\n\n\n<p class=\"has-black-color has-text-color has-link-color wp-elements-e41b710f825a118ae3d43214022ad4ce\">Praktike ne \u0109iuj &nbsp;lernantoj de la 4-a klaso kaj ties gepatroj decidas lerni esperanton kiel aldonan fakon. Tamen nenio malhelpas aliajn studentojn partopreni en la projekto kiel membroj de la kontrolgrupo. \u0108i tio ne estas plia \u015dar\u011do por ili.<\/p>\n\n\n\n<p class=\"has-black-color has-text-color has-link-color wp-elements-d525074b16146d34c54a8f9bf694f6de\">La avanta\u011doj enskribi infanon en \u0109i tiun grupon estas multnombraj &#8211; \u0109efe por gepatroj\/kuratoroj kaj edukistoj, \u0109ar tio permesas kapti la evoluan potencialon de la lernanto kaj utiligi \u0109i tiun scion en la procezo de edukado.<\/p>\n\n\n\n<p class=\"has-black-color has-text-color has-link-color wp-elements-d5f35c3f3fef53cdf109b8acfc27791e\" style=\"text-decoration:underline\">\u200b\u200bKondi\u0109oj de partopreno<\/p>\n\n\n\n<p class=\"has-black-color has-text-color has-link-color wp-elements-a17d16c2ba60255c8d4a8ba27f33b08b\">Partopreno de la infano kaj ties gepatro\/kuratoro en la projekto estas tute libervola kaj senpaga. Subskribante la informformularon, la gepatro\/la\u016dle\u011da kuratoro konsentas pri la partopreno de la infano en \u011di. En ajna momento, li povas rezigni de partopreno entute a\u016d en specifa amplekso, sen doni ajnan kialon kaj sen ajnaj negativaj sekvoj.<\/p>\n\n\n\n<p class=\"has-black-color has-text-color has-link-color wp-elements-51248772244a8bdd2bb9e4f812656380\" style=\"text-decoration:underline\">\u200bAvanta\u011doj kaj malavanta\u011doj de partopreno en esplorado<\/p>\n\n\n\n<p class=\"has-black-color has-text-color has-link-color wp-elements-6ffac97b511ebcdba87cc0c739063e43\">La avanta\u011doj de partopreno en la projekto estis prezentitaj pli detale supre.&nbsp;<\/p>\n\n\n\n<p class=\"has-black-color has-text-color has-link-color wp-elements-2e6429bde814cd5dc9470a35df2974e8\">Krome, en la kazo de lernantoj en amba\u016d grupoj, iliaj gepatroj\/kuratoroj ricevas informojn kolektitajn dum la projekto pri la evoluo de sia infano en la esploritaj areoj, inkluzive de \u011diaj fortoj kaj malfortoj el la eduka perspektivo. Estas la eventuala decido de la gepatro\/gardanto provizi \u0109i tiujn informojn al instruistoj, specialaj pedagogoj kaj psikologoj. La Fonda\u0135o ne provizas tiujn informojn pri individuaj lernantoj al la lerneja administrado &#8211; nur sumaj informoj pri la rezultoj de esplorado.<\/p>\n\n\n\n<p class=\"has-black-color has-text-color has-link-color wp-elements-d487bea8ac5f7f03f7cdb73fe70e806d\">Ne ekzistas iuj apartaj gravaj \u011denoj por infanoj kaj iliaj gepatroj\/gardantoj.<\/p>\n\n\n\n<p class=\"has-black-color has-text-color has-link-color wp-elements-64af19ad79c730f1066e5d5064fd8ab0\">&nbsp; &nbsp; &nbsp; &nbsp; Por lernantoj el la eksperimenta grupo estas organizata kunfinancado de 7-10 tagaj restado kun eksterlandaj lernantoj de esperanto a<mark style=\"background-color:rgba(0, 0, 0, 0)\" class=\"has-inline-color has-black-color\">\u016d<\/mark> kurso gvidataj far eksterlanda instruisto. Por lernantoj el la kontrolgrupo financa kontentigo dependa de la amplekso de taksado.<\/p>\n\n\n\n<p class=\"has-black-color has-text-color has-link-color wp-elements-d0a27cca908ca09201b8491296fc18b1\">\u0108i tiuj kostoj estas plene kovrataj de la Fonda\u0135o.<\/p>\n\n\n\n<p class=\"has-black-color has-text-color has-link-color wp-elements-935d65a532e3f37b51e0af41e772160e\" style=\"text-decoration:underline\">Protekto de datumoj<\/p>\n\n\n\n<p class=\"has-black-color has-text-color has-link-color wp-elements-3588015dba9684ca81f2cd9220d225b6\"><strong>\u0108i<\/strong>uj<strong>&nbsp;akiritaj datumoj estas submetitaj al la reguloj de profesia sekreto<\/strong>, inkluzive de aparte gravaj personaj datumoj (Artikolo 9 de la GDPR) koncerne la neplenkapabloj de la partoprenanto en la projekto. \u0108iuj membroj de la esplorteamo estas ligitaj per konfidenco. La \u011deneralaj rezultoj de la esplorado povas esti la temo de publikigo, sed&nbsp;<strong>la identeco de la homoj partoprenantaj en la projekto restos rezervita kaj ne estos publika.<\/strong><\/p>\n\n\n\n<p class=\"has-black-color has-text-color has-link-color wp-elements-37f9c3742039a2fabf71eec9f5e272d0\"><em>Decembro 2022<\/em><\/p>\n\n\n\n<p class=\"has-black-color has-text-color has-link-color wp-elements-f629bdd342c8353139f9d18de325a2e9\" style=\"text-decoration:underline\"><em>\u200bEllaboro:<\/em><\/p>\n\n\n\n<p class=\"has-black-color has-text-color has-link-color wp-elements-75eec0985e739a1492120c78f7595927\"><em>&nbsp; &nbsp; &nbsp; &nbsp; dr Jerzy Leyk, Fundacja \u201eO\u015brodek Plurlingwizmu i Komunikacji Mi\u0119dzykulturowej \u2013 PLURIKO\u201d<\/em><\/p>\n\n\n\n<p class=\"has-black-color has-text-color has-link-color wp-elements-5456f43c05af2e0a66d5f6a9b9605e69\" style=\"text-decoration:underline\"><em>Konsultoj kaj kunlaboro:<\/em><\/p>\n\n\n\n<p class=\"has-black-color has-text-color has-link-color wp-elements-25f9dd8951e289ae1c87e7154655f987\"><em>Universitato de Adam Mickiewicz en Pozna\u0144, Instituto de Etnolingvistiko<\/em><\/p>\n\n\n\n<p class=\"has-black-color has-text-color has-link-color wp-elements-f5fb2960f2e414696e9448563a8a4c5b\">&nbsp; &nbsp; &nbsp; &nbsp; <em>prof. UAM dr hab. Ilona Koutny, Interlingvistikaj Studoj<\/em><\/p>\n\n\n\n<p class=\"has-black-color has-text-color has-link-color wp-elements-ec6e3db41e511f91359d4947eb8c169d\"><em>Universitato de Kazimierz Wielki en Bydgoszcz, Fakultato de Psikologio<\/em><\/p>\n\n\n\n<p class=\"has-black-color has-text-color has-link-color wp-elements-4e36223be4e4440f0b9e3664c4251a20\">&nbsp; &nbsp; &nbsp; &nbsp; <em>prof. UKW, d-ro Ludmi\u0142a Zaj\u0105c-Lamparska, Fako pri Homa Disvolva Psikologio<\/em><\/p>\n\n\n\n<p class=\"has-black-color has-text-color has-link-color wp-elements-b8bf05012d9ae383c7c4529e01cbc17b\">&nbsp; &nbsp; &nbsp; &nbsp; <em>d-ro Ma\u0142gorzata W\u00f3jtowicz-Szefler, Fako pri Homa Disvolva Psikologio<\/em><\/p>\n\n\n\n<p class=\"has-black-color has-text-color has-link-color wp-elements-b6a91a0a3542a7967ec39cf1825944ae\"><em>Universitato de Varmio kaj Mazury en Olsztyn, Fakultato de Sociaj Sciencoj<\/em><\/p>\n\n\n\n<p class=\"has-black-color has-text-color has-link-color wp-elements-434a3e5bebb5b3feccb6d720e164cb88\">&nbsp; &nbsp; &nbsp; &nbsp; <em>prof. UWM, d-ro hab. Agnieszka \u017byta, Sekcio de Speciala Eduko kaj Rehabilitado<\/em><\/p>\n\n\n\n<p class=\"has-black-color has-text-color has-link-color wp-elements-6ae631ec7a6166e6cc0cc4ab78c37a0b\"><em>Universitato de Varsovio, Fakultato de Pedagogio<\/em><\/p>\n\n\n\n<p class=\"has-black-color has-text-color has-link-color wp-elements-d64b8a5dbd92db78783f22227eb7d308\">&nbsp; &nbsp; &nbsp; &nbsp; <em>d-ro Katarzyna Brzosko-Barratt, Sekcio pri Frua Eduko kaj Instruista Trejnado<\/em><\/p>\n\n\n\n<p class=\"has-black-color has-text-color has-link-color wp-elements-5f08d30e47e7c01f8c28d4331ccf3d7d\">&nbsp; &nbsp; &nbsp; &nbsp; <em>d-ro Joanna Dobkowska, Sekcio de Frua Eduko kaj Instruista Trejnado<\/em><\/p>\n\n\n\n<p class=\"has-black-color has-text-color has-link-color wp-elements-b3fc76a3da0ec02dc248200c0b5446db\">&nbsp; &nbsp; &nbsp; &nbsp; <em>d-ro Monika Skura, Sekcio de Integri\u011do, Inkludo kaj Socia Eduko<\/em><\/p>\n","protected":false},"excerpt":{"rendered":"<p>PRISKRIBO DE LA PROJEKTO Donu \u015dancon al la infano \u2013 por pli bona evoluo de la menso, lingvaj kaj komunikaj kapabloj &nbsp; La projekto &#8220;Lingva Terapio de la Menso de lernantoj kun mildaj intelektaj neplenkapabloj&#8221; estas organizita de Fonda\u0135o &#8220;Centro pri Plurlingvosmo kaj Interkultura Komunikado &#8211; PLURIKO&#8221; en specialaj bazlernejoj en kunlaboro kaj sub la [&hellip;]<\/p>\n","protected":false},"author":1,"featured_media":0,"parent":0,"menu_order":0,"comment_status":"closed","ping_status":"closed","template":"","meta":{"footnotes":""},"class_list":["post-68","page","type-page","status-publish","hentry"],"_links":{"self":[{"href":"https:\/\/pluriko.pl\/index.php\/wp-json\/wp\/v2\/pages\/68","targetHints":{"allow":["GET"]}}],"collection":[{"href":"https:\/\/pluriko.pl\/index.php\/wp-json\/wp\/v2\/pages"}],"about":[{"href":"https:\/\/pluriko.pl\/index.php\/wp-json\/wp\/v2\/types\/page"}],"author":[{"embeddable":true,"href":"https:\/\/pluriko.pl\/index.php\/wp-json\/wp\/v2\/users\/1"}],"replies":[{"embeddable":true,"href":"https:\/\/pluriko.pl\/index.php\/wp-json\/wp\/v2\/comments?post=68"}],"version-history":[{"count":10,"href":"https:\/\/pluriko.pl\/index.php\/wp-json\/wp\/v2\/pages\/68\/revisions"}],"predecessor-version":[{"id":452,"href":"https:\/\/pluriko.pl\/index.php\/wp-json\/wp\/v2\/pages\/68\/revisions\/452"}],"wp:attachment":[{"href":"https:\/\/pluriko.pl\/index.php\/wp-json\/wp\/v2\/media?parent=68"}],"curies":[{"name":"wp","href":"https:\/\/api.w.org\/{rel}","templated":true}]}}