{"id":72,"date":"2023-10-08T10:36:25","date_gmt":"2023-10-08T10:36:25","guid":{"rendered":"http:\/\/pluriko.pl\/?page_id=72"},"modified":"2023-11-11T15:16:11","modified_gmt":"2023-11-11T15:16:11","slug":"pluriko-3","status":"publish","type":"page","link":"https:\/\/pluriko.pl\/index.php\/eo\/pluriko-3\/","title":{"rendered":"PLURIKO"},"content":{"rendered":"\n<p class=\"has-black-color has-text-color has-link-color wp-elements-824e9d56b2f30e7160b906325301928b\"><strong>Kontakto:<br><\/strong>Fonda\u0135o\u00a0\u201eCentro pri Plurlingvismo kaj Interkultura Komunikado\u00a0\u00a0\u2013 PLURIKO\u201d<br>ul. Sp\u00f3\u0142dzielcza 43 B<br>PL 05-504 \u0141o\u015b<br>e-mail: info@www.pluriko.net<br>tel. + 48 607-328418<\/p>\n\n\n\n<p class=\"has-black-color has-text-color has-link-color wp-elements-9bdfeed7faf3bb58173ba3611e5389f8\">KRS:\u00a00000980779<br>NIP: 9512545463<br>REGON: 52258576900000<\/p>\n\n\n\n<p class=\"has-black-color has-text-color has-link-color wp-elements-ca95cb41037021db25aeb0ae12e8d8b0\"><strong>Bankokonto IBAN:<\/strong><br>PLN: PL21 1140 2004 0000 3602 8271 2205<br>EUR: PL05 1140 2004 0000 3012 1685 5185<br>BIC\/SWIFT: BREXPLPWMBK<\/p>\n\n\n\n<p class=\"has-black-color has-text-color has-link-color wp-elements-c7fd29cfe1a1ce801b90cc0dcb7a1d95\"><strong>Estraro de la Fonda\u0135o:<\/strong><br>Jerzy Leyk &#8211; Direktoro<br>e-mail: jerzy.leyk@op.pl<\/p>\n\n\n\n<p class=\"has-black-color has-text-color has-link-color wp-elements-cc4d19120e19311d5137f027fbb57f5f\">Ryszard Rokicki &#8211; Vicdirektoro<br>e-mail: ryszard.rokicki@gmail.com<\/p>\n\n\n\n<p class=\"has-black-color has-text-color has-link-color wp-elements-257a610f461b9eb7047c08b9230b9bdd\"><strong>Scienca Konsilio de la Fonda\u0135o:<\/strong><br>dr hab. Ilona Koutny, prof. UAM. Pozna\u0144 &#8211; Prezidantino<br>dr hab. Przemys\u0142aw Grzybowski, prof. UKW, Bydgoszcz<br>dr Katalin Kov\u00e1ts, \u0108efredaktorino de la pa\u011daro <a>edukado.net<\/a><\/p>\n","protected":false},"excerpt":{"rendered":"<p>Kontakto:Fonda\u0135o\u00a0\u201eCentro pri Plurlingvismo kaj Interkultura Komunikado\u00a0\u00a0\u2013 PLURIKO\u201dul. Sp\u00f3\u0142dzielcza 43 BPL 05-504 \u0141o\u015be-mail: info@www.pluriko.nettel. + 48 607-328418 KRS:\u00a00000980779NIP: 9512545463REGON: 52258576900000 Bankokonto IBAN:PLN: PL21 1140 2004 0000 3602 8271 2205EUR: PL05 1140 2004 0000 3012 1685 5185BIC\/SWIFT: BREXPLPWMBK Estraro de la Fonda\u0135o:Jerzy Leyk &#8211; Direktoroe-mail: jerzy.leyk@op.pl Ryszard Rokicki &#8211; Vicdirektoroe-mail: ryszard.rokicki@gmail.com Scienca Konsilio de la Fonda\u0135o:dr hab. [&hellip;]<\/p>\n","protected":false},"author":1,"featured_media":0,"parent":0,"menu_order":0,"comment_status":"closed","ping_status":"closed","template":"","meta":{"footnotes":""},"class_list":["post-72","page","type-page","status-publish","hentry"],"_links":{"self":[{"href":"https:\/\/pluriko.pl\/index.php\/wp-json\/wp\/v2\/pages\/72","targetHints":{"allow":["GET"]}}],"collection":[{"href":"https:\/\/pluriko.pl\/index.php\/wp-json\/wp\/v2\/pages"}],"about":[{"href":"https:\/\/pluriko.pl\/index.php\/wp-json\/wp\/v2\/types\/page"}],"author":[{"embeddable":true,"href":"https:\/\/pluriko.pl\/index.php\/wp-json\/wp\/v2\/users\/1"}],"replies":[{"embeddable":true,"href":"https:\/\/pluriko.pl\/index.php\/wp-json\/wp\/v2\/comments?post=72"}],"version-history":[{"count":2,"href":"https:\/\/pluriko.pl\/index.php\/wp-json\/wp\/v2\/pages\/72\/revisions"}],"predecessor-version":[{"id":341,"href":"https:\/\/pluriko.pl\/index.php\/wp-json\/wp\/v2\/pages\/72\/revisions\/341"}],"wp:attachment":[{"href":"https:\/\/pluriko.pl\/index.php\/wp-json\/wp\/v2\/media?parent=72"}],"curies":[{"name":"wp","href":"https:\/\/api.w.org\/{rel}","templated":true}]}}