{"id":734,"date":"2024-11-11T21:40:41","date_gmt":"2024-11-11T21:40:41","guid":{"rendered":"https:\/\/pluriko.pl\/?page_id=734"},"modified":"2025-12-11T21:35:28","modified_gmt":"2025-12-11T21:35:28","slug":"podrecznik-jezyka-esperanto","status":"publish","type":"page","link":"https:\/\/pluriko.pl\/index.php\/podrecznik-jezyka-esperanto\/","title":{"rendered":"Podr\u0119cznik j\u0119zyka esperanto"},"content":{"rendered":"\n<div class=\"wp-block-group is-vertical is-layout-flex wp-container-core-group-is-layout-8cf370e7 wp-block-group-is-layout-flex\">\n<div class=\"wp-block-group is-vertical is-layout-flex wp-container-core-group-is-layout-8cf370e7 wp-block-group-is-layout-flex\">\n<p class=\"has-black-color has-text-color has-link-color wp-elements-66f7f6b151144d6a0ed5c08126c946ef\"><em>O\u015brodek Plurlingwizmu i Komunikacji Mi\u0119dzykulturowej PLURIKO<\/em> przygotowuje seri\u0119 podr\u0119cznik\u00f3w do nauki j\u0119zyka esperanto. Sk\u0142adaj\u0105 si\u0119 na ni\u0105 trzy tomy materia\u0142u do nauczania podzielone wg poziom\u00f3w bieg\u0142o\u015bci j\u0119zykowej do osi\u0105gni\u0119cia przez osoby ucz\u0105ce si\u0119: A1\/A2, B1\/B2 oraz B2+\/C1.<\/p>\n\n\n\n<p class=\"has-black-color has-text-color has-link-color wp-elements-3d9e9ff2bd229ebb3060d9d5c1599bcc\">Seria przeznaczona jest dla os\u00f3b wieku d 15 lat. Podr\u0119czniki mog\u0105 by\u0107 u\u017cywane na kursach stacjonarnych, zdalnych lub na intensywnych kursach wakacyjnych, a tak\u017ce przez samouk\u00f3w.<\/p>\n\n\n\n<p class=\"has-black-color has-text-color has-link-color wp-elements-50d859ff613b401ef9937e83c0be7361\">Aktualnie przekazujemy do u\u017cytku pierwszy tom poziomu A1\/A2 (edycja polskoj\u0119zyczna). Niebawem uka\u017ce si\u0119 tom A1\/A2 (edycja interetniczna), tzn. nie ukierunkowany na osoby pos\u0142uguj\u0105ce si\u0119 j\u0119zykiem polskim.<\/p>\n<\/div>\n\n\n\n<p class=\"has-black-color has-text-color has-link-color wp-elements-e31b4519879f4eef29c403503c1d1bbc\">Autor podr\u0119cznik\u00f3w: <strong>PLURIKO Teamo<\/strong>.<\/p>\n\n\n\n<p class=\"has-black-color has-text-color has-link-color wp-elements-6943d9402755938a2f2a77c334853051\">Tom A1\/A2 udost\u0119pniamy w sieci nieodp\u0142atnie. Poszczeg\u00f3lne rozdzia\u0142y mo\u017cna sobie wydrukowa\u0107.<\/p>\n\n\n\n<p class=\"has-black-color has-text-color has-link-color wp-elements-58d11fd40f7e27c40f36ee80033f7878\">B\u0119dziemy wdzi\u0119czni osobom korzystaj\u0105cym z podr\u0119cznika za przekazanie<br>darowizny na konto PLURIKO w dowolnej kwocie.<br><br> <\/p>\n<\/div>\n\n\n\n<div class=\"wp-block-buttons is-content-justification-space-between is-layout-flex wp-container-core-buttons-is-layout-92ad474a wp-block-buttons-is-layout-flex\">\n<div class=\"wp-block-button is-style-fill\"><a class=\"wp-block-button__link has-text-align-center wp-element-button\" href=\"https:\/\/pluriko.pl\/Esperanto_Textbook\/2024.11.11%20-%20Podr\u0119cznik%20EM%20-%20Przedmowa%20-%20tylko%20-%20JL%20(2).pdf\">Przedmowa<\/a><\/div>\n\n\n\n<div class=\"wp-block-button\"><a class=\"wp-block-button__link has-text-align-center wp-element-button\" href=\"https:\/\/pluriko.pl\/index.php\/poziom-a1-a2\/\">Poziom A1\/A2<br>edycja dla os\u00f3b polskoj\u0119zycznych<\/a><\/div>\n\n\n\n<div class=\"wp-block-button\"><a class=\"wp-block-button__link has-text-align-center wp-element-button\" href=\"https:\/\/pluriko.pl\/Esperanto_Textbook\/2024.11.11%20-%20Podr\u0119cznik%20EM%20-%20Rzut%20oka%20na%20gramatyk\u0119%20-%20tylko%20-%20JL%20(1).pdf\">Rzut oka na<br>gramatyk\u0119 esperanck\u0105<\/a><\/div>\n<\/div>\n\n\n\n<p class=\"has-black-color has-text-color has-link-color wp-elements-cb2caae01f530b8686117ceb180c267a\"><br>B\u0119dziemy wdzi\u0119czni osobom korzystaj\u0105cym z podr\u0119cznika za przekazanie<br>darowizny na konto PLURIKO w dowolnej kwocie.<\/p>\n","protected":false},"excerpt":{"rendered":"<p>O\u015brodek Plurlingwizmu i Komunikacji Mi\u0119dzykulturowej PLURIKO przygotowuje seri\u0119 podr\u0119cznik\u00f3w do nauki j\u0119zyka esperanto. Sk\u0142adaj\u0105 si\u0119 na ni\u0105 trzy tomy materia\u0142u do nauczania podzielone wg poziom\u00f3w bieg\u0142o\u015bci j\u0119zykowej do osi\u0105gni\u0119cia przez osoby ucz\u0105ce si\u0119: A1\/A2, B1\/B2 oraz B2+\/C1. Seria przeznaczona jest dla os\u00f3b wieku d 15 lat. Podr\u0119czniki mog\u0105 by\u0107 u\u017cywane na kursach stacjonarnych, zdalnych lub [&hellip;]<\/p>\n","protected":false},"author":1,"featured_media":0,"parent":0,"menu_order":0,"comment_status":"closed","ping_status":"closed","template":"","meta":{"footnotes":""},"class_list":["post-734","page","type-page","status-publish","hentry"],"_links":{"self":[{"href":"https:\/\/pluriko.pl\/index.php\/wp-json\/wp\/v2\/pages\/734","targetHints":{"allow":["GET"]}}],"collection":[{"href":"https:\/\/pluriko.pl\/index.php\/wp-json\/wp\/v2\/pages"}],"about":[{"href":"https:\/\/pluriko.pl\/index.php\/wp-json\/wp\/v2\/types\/page"}],"author":[{"embeddable":true,"href":"https:\/\/pluriko.pl\/index.php\/wp-json\/wp\/v2\/users\/1"}],"replies":[{"embeddable":true,"href":"https:\/\/pluriko.pl\/index.php\/wp-json\/wp\/v2\/comments?post=734"}],"version-history":[{"count":25,"href":"https:\/\/pluriko.pl\/index.php\/wp-json\/wp\/v2\/pages\/734\/revisions"}],"predecessor-version":[{"id":869,"href":"https:\/\/pluriko.pl\/index.php\/wp-json\/wp\/v2\/pages\/734\/revisions\/869"}],"wp:attachment":[{"href":"https:\/\/pluriko.pl\/index.php\/wp-json\/wp\/v2\/media?parent=734"}],"curies":[{"name":"wp","href":"https:\/\/api.w.org\/{rel}","templated":true}]}}