{"id":751,"date":"2024-11-11T21:45:00","date_gmt":"2024-11-11T21:45:00","guid":{"rendered":"https:\/\/pluriko.pl\/?page_id=751"},"modified":"2025-12-11T21:35:56","modified_gmt":"2025-12-11T21:35:56","slug":"lernolibro-de-esperanto","status":"publish","type":"page","link":"https:\/\/pluriko.pl\/index.php\/eo\/lernolibro-de-esperanto\/","title":{"rendered":"Lernolibro de Esperanto"},"content":{"rendered":"\n<div class=\"wp-block-group is-vertical is-layout-flex wp-container-core-group-is-layout-8cf370e7 wp-block-group-is-layout-flex\">\n<div class=\"wp-block-group is-vertical is-layout-flex wp-container-core-group-is-layout-8cf370e7 wp-block-group-is-layout-flex\">\n<p class=\"has-black-color has-text-color has-link-color wp-elements-5a97fffce4f9ec98fba6354866f0ac39\"><em>Centro pri Plurlingvismo kaj Interkultura Komunikado PLURIKO<\/em> preparas serion da lernolibroj por lerni esperanton. \u011ci konsistas el tri volumoj da instrumaterialo dividitaj la\u016d la niveloj de lingvoscio atingeblaj de la lernantoj: A1\/A2, B1\/B2 kaj B2+\/C1.<\/p>\n\n\n\n<p class=\"has-black-color has-text-color has-link-color wp-elements-6a33fc60c96d0c25e926740998af30cf\">La serio estas destinita por homoj en a\u011do de 15 kaj pli. La lernolibroj povas esti uzataj en surlokaj, reta a\u016d intensaj someraj kursoj, kaj anka\u016d per a\u016dtodidaktoj.<\/p>\n\n\n\n<p class=\"has-black-color has-text-color has-link-color wp-elements-932924a4b46d784c74a5c9ec824a99cb\">Nuntempe ni publikigas la unuan volumon de la nivelo A1\/A2 &#8211; eldono por pollingvanoj. Volumo A1\/A2 balda\u016d aperos la interetna eldono, t.e. ne celanta nur homojn parolantajn la polan.<\/p>\n<\/div>\n\n\n\n<p class=\"has-black-color has-text-color has-link-color wp-elements-763e6aa54f55bcef7bd89329d816f858\">A\u016dtoro de la lernolibroj: <strong><strong>PLURIKO Teamo<\/strong><\/strong>.<\/p>\n\n\n\n<p class=\"has-black-color has-text-color has-link-color wp-elements-aac22e18d98d2e2d00dd2ab921fe61fc\">Volumo A1\/A2 estas disponebla interrete senpage. Vi povas printi individuajn \u0109apitrojn.<br><br><\/p>\n\n\n\n<p><\/p>\n<\/div>\n\n\n\n<div class=\"wp-block-buttons is-content-justification-space-between is-layout-flex wp-container-core-buttons-is-layout-92ad474a wp-block-buttons-is-layout-flex\">\n<div class=\"wp-block-button is-style-fill\"><a class=\"wp-block-button__link has-text-align-center wp-element-button\">Anta\u016dparolo<\/a><\/div>\n\n\n\n<div class=\"wp-block-button\"><a class=\"wp-block-button__link has-text-align-center wp-element-button\" href=\"https:\/\/pluriko.pl\/index.php\/eo\/nivelo-a1-a2\/\">Nivelo A1\/A2<br>eldono por pollingvanoj<\/a><\/div>\n\n\n\n<div class=\"wp-block-button\"><a class=\"wp-block-button__link has-text-align-center wp-element-button\">Gramatiko de<br>Esperanto koncize<\/a><\/div>\n<\/div>\n\n\n\n<p class=\"has-black-color has-text-color has-link-color wp-elements-8b794d67311620024ed12b8e0ebe6ccf\"><br>Ni estos dankemaj al homoj, kiuj uzas la lernolibron por fari donacon al la konto de<br>PLURIKO en ajna monsumo.<\/p>\n","protected":false},"excerpt":{"rendered":"<p>Centro pri Plurlingvismo kaj Interkultura Komunikado PLURIKO preparas serion da lernolibroj por lerni esperanton. \u011ci konsistas el tri volumoj da instrumaterialo dividitaj la\u016d la niveloj de lingvoscio atingeblaj de la lernantoj: A1\/A2, B1\/B2 kaj B2+\/C1. La serio estas destinita por homoj en a\u011do de 15 kaj pli. La lernolibroj povas esti uzataj en surlokaj, reta [&hellip;]<\/p>\n","protected":false},"author":1,"featured_media":0,"parent":0,"menu_order":0,"comment_status":"closed","ping_status":"closed","template":"","meta":{"footnotes":""},"class_list":["post-751","page","type-page","status-publish","hentry"],"_links":{"self":[{"href":"https:\/\/pluriko.pl\/index.php\/wp-json\/wp\/v2\/pages\/751","targetHints":{"allow":["GET"]}}],"collection":[{"href":"https:\/\/pluriko.pl\/index.php\/wp-json\/wp\/v2\/pages"}],"about":[{"href":"https:\/\/pluriko.pl\/index.php\/wp-json\/wp\/v2\/types\/page"}],"author":[{"embeddable":true,"href":"https:\/\/pluriko.pl\/index.php\/wp-json\/wp\/v2\/users\/1"}],"replies":[{"embeddable":true,"href":"https:\/\/pluriko.pl\/index.php\/wp-json\/wp\/v2\/comments?post=751"}],"version-history":[{"count":15,"href":"https:\/\/pluriko.pl\/index.php\/wp-json\/wp\/v2\/pages\/751\/revisions"}],"predecessor-version":[{"id":871,"href":"https:\/\/pluriko.pl\/index.php\/wp-json\/wp\/v2\/pages\/751\/revisions\/871"}],"wp:attachment":[{"href":"https:\/\/pluriko.pl\/index.php\/wp-json\/wp\/v2\/media?parent=751"}],"curies":[{"name":"wp","href":"https:\/\/api.w.org\/{rel}","templated":true}]}}